{"id":1968,"date":"2018-06-21T13:51:56","date_gmt":"2018-06-21T13:51:56","guid":{"rendered":"https:\/\/2fumbe.com\/?post_type=product&#038;p=1968"},"modified":"2018-06-21T13:51:56","modified_gmt":"2018-06-21T13:51:56","slug":"marble-frying-pan","status":"publish","type":"product","link":"https:\/\/2fumbe.com\/index.php\/product\/marble-frying-pan\/","title":{"rendered":"Marble frying pan"},"content":{"rendered":"<p>A marble frying pan<br \/>\nA frying pan, frypan, or skillet is a flat-bottomed pan used for frying, searing, and browning foods. It is typically 200 to 300 mm (8 to 12 in) in diameter with relatively low sides that flare outwards, a long handle, and no lid. Larger pans may have a small grab handle opposite the main handle. A pan of similar dimensions, but with less flared vertical sides and often with a lid, is called a saut\u00e9 pan. While a saut\u00e9 pan can be used like a frying pan, it is designed for lower heat cooking methods, namely saut\u00e9ing.<\/p>\n","protected":false},"excerpt":{"rendered":"<p><strong>FRYING PAN<\/strong><br \/>\nColor: Black<br \/>\nMaterial: Marble<br \/>\nAccessories: Detachable handle<br \/>\nDiameter: 28Cm<\/p>\n<p>FREE DELIVERY<\/p>\n","protected":false},"featured_media":2003,"comment_status":"open","ping_status":"closed","template":"","meta":{"nf_dc_page":"","om_disable_all_campaigns":false,"_monsterinsights_skip_tracking":false,"_monsterinsights_sitenote_active":false,"_monsterinsights_sitenote_note":"","_monsterinsights_sitenote_category":0,"_uf_show_specific_survey":0,"_uf_disable_surveys":false},"product_brand":[],"product_cat":[52],"product_tag":[],"class_list":{"0":"post-1968","1":"product","2":"type-product","3":"status-publish","4":"has-post-thumbnail","6":"product_cat-frying-pans","8":"first","9":"instock","10":"shipping-taxable","11":"purchasable","12":"product-type-simple"},"aioseo_notices":[],"_links":{"self":[{"href":"https:\/\/2fumbe.com\/index.php\/wp-json\/wp\/v2\/product\/1968","targetHints":{"allow":["GET"]}}],"collection":[{"href":"https:\/\/2fumbe.com\/index.php\/wp-json\/wp\/v2\/product"}],"about":[{"href":"https:\/\/2fumbe.com\/index.php\/wp-json\/wp\/v2\/types\/product"}],"replies":[{"embeddable":true,"href":"https:\/\/2fumbe.com\/index.php\/wp-json\/wp\/v2\/comments?post=1968"}],"version-history":[{"count":0,"href":"https:\/\/2fumbe.com\/index.php\/wp-json\/wp\/v2\/product\/1968\/revisions"}],"wp:featuredmedia":[{"embeddable":true,"href":"https:\/\/2fumbe.com\/index.php\/wp-json\/wp\/v2\/media\/2003"}],"wp:attachment":[{"href":"https:\/\/2fumbe.com\/index.php\/wp-json\/wp\/v2\/media?parent=1968"}],"wp:term":[{"taxonomy":"product_brand","embeddable":true,"href":"https:\/\/2fumbe.com\/index.php\/wp-json\/wp\/v2\/product_brand?post=1968"},{"taxonomy":"product_cat","embeddable":true,"href":"https:\/\/2fumbe.com\/index.php\/wp-json\/wp\/v2\/product_cat?post=1968"},{"taxonomy":"product_tag","embeddable":true,"href":"https:\/\/2fumbe.com\/index.php\/wp-json\/wp\/v2\/product_tag?post=1968"}],"curies":[{"name":"wp","href":"https:\/\/api.w.org\/{rel}","templated":true}]}}